{"id":46,"date":"2023-05-04T10:34:11","date_gmt":"2023-05-04T08:34:11","guid":{"rendered":"https:\/\/nordicoils.eu\/dk\/?post_type=product&#038;p=46"},"modified":"2023-05-08T16:57:09","modified_gmt":"2023-05-08T14:57:09","slug":"5x-mandel-hautlotion","status":"publish","type":"product","link":"https:\/\/nordicoils.eu\/dk\/?product=5x-mandel-hautlotion","title":{"rendered":"5x Ricinusolie"},"content":{"rendered":"<p>Tag din sundheds- og sk\u00f8nhedsrutine til det n\u00e6ste niveau med Nordicoils 5-Pack!<\/p>\n<p>Vores \u00f8kologiske ricinusolie er koldpresset fra \u00f8kologiske ricinusb\u00f8nner for at sikre, at den er 100% ren og naturlig. Den er perfekt til brug p\u00e5 din hud, dit h\u00e5r og dine negle, og er fantastisk til at fremme den generelle sundhed og velv\u00e6re.<\/p>\n<p>Vores koldpressede ricinusolie er fremstillet ved hj\u00e6lp af en specialiseret presseproces, der bevarer ricinusplantens naturlige n\u00e6ringsstoffer og fordele. Den er perfekt til brug p\u00e5 din hud og dit h\u00e5r, og er fantastisk til at fremme sund v\u00e6kst og styrke.<\/p>\n<p>Vores ricinusolie til h\u00e5rv\u00e6kst er formuleret specielt til at fremme sund h\u00e5rv\u00e6kst og reducere h\u00e5rtab. Den er tilsat naturlige ingredienser som \u00e6teriske olier af rosmarin og pebermynte for at give yderligere fordele for din hovedbund og dit h\u00e5r.<\/p>\n<p>Vores ricinusolie til hudpleje er specielt formuleret til at give dyb hydrering og n\u00e6ring til din hud. Den er tilsat naturlige ingredienser som E-vitamin og aloe vera for at hj\u00e6lpe med at berolige og helbrede t\u00f8r eller irriteret hud.<\/p>\n<p>Endelig er vores ricinusolie til ford\u00f8jelsessundhed specielt formuleret til at hj\u00e6lpe med at st\u00f8tte en sund ford\u00f8jelse og lindre forstoppelse. Den er perfekt til dem, der leder efter en naturlig m\u00e5de at fremme en bedre ford\u00f8jelsessundhed p\u00e5.<\/p>\n<p>Hver flaske indeholder 236ml premium ricinusolie for at give dig en langvarig forsyning af denne fantastiske naturlige olie. Pr\u00f8v alle fem i dag og oplev alle de mange fordele, som ricinusolie har at tilbyde!<\/p>\n","protected":false},"excerpt":{"rendered":"<p>Oplev alle fordelene ved ricinusolie med vores 5-pakke med skandinaviske olier! Denne pakke indeholder fem forskellige typer ricinusolie til at opfylde alle dine sundheds- og sk\u00f8nhedsbehov. Vores \u00f8kologiske ricinusolie, koldpresset ricinusolie, ricinusolie til h\u00e5rv\u00e6kst, ricinusolie til hudpleje og ricinusolie til ford\u00f8jelsessundhed er alle 100% rene og naturlige. Hver flaske indeholder 16 oz premium ricinusolie for at give dig en langvarig forsyning af denne fantastiske naturlige olie. Pr\u00f8v alle fem i dag og se selv de utrolige fordele!<\/p>\n","protected":false},"featured_media":129,"comment_status":"open","ping_status":"closed","template":"","meta":[],"product_cat":[17],"product_tag":[],"class_list":{"0":"post-46","1":"product","2":"type-product","3":"status-publish","4":"has-post-thumbnail","6":"product_cat-scandinavian-oils","8":"first","9":"instock","10":"sale","11":"shipping-taxable","12":"purchasable","13":"product-type-simple"},"_links":{"self":[{"href":"https:\/\/nordicoils.eu\/dk\/index.php?rest_route=\/wp\/v3\/product\/46","targetHints":{"allow":["GET"]}}],"collection":[{"href":"https:\/\/nordicoils.eu\/dk\/index.php?rest_route=\/wp\/v3\/product"}],"about":[{"href":"https:\/\/nordicoils.eu\/dk\/index.php?rest_route=\/wp\/v2\/types\/product"}],"replies":[{"embeddable":true,"href":"https:\/\/nordicoils.eu\/dk\/index.php?rest_route=%2Fwp%2Fv2%2Fcomments&post=46"}],"wp:featuredmedia":[{"embeddable":true,"href":"https:\/\/nordicoils.eu\/dk\/index.php?rest_route=\/wp\/v2\/media\/129"}],"wp:attachment":[{"href":"https:\/\/nordicoils.eu\/dk\/index.php?rest_route=%2Fwp%2Fv2%2Fmedia&parent=46"}],"wp:term":[{"taxonomy":"product_cat","embeddable":true,"href":"https:\/\/nordicoils.eu\/dk\/index.php?rest_route=%2Fwp%2Fv2%2Fproduct_cat&post=46"},{"taxonomy":"product_tag","embeddable":true,"href":"https:\/\/nordicoils.eu\/dk\/index.php?rest_route=%2Fwp%2Fv2%2Fproduct_tag&post=46"}],"curies":[{"name":"wp","href":"https:\/\/api.w.org\/{rel}","templated":true}]}}