{"id":44,"date":"2023-05-04T10:34:10","date_gmt":"2023-05-04T08:34:10","guid":{"rendered":"https:\/\/nordicoils.eu\/dk\/?post_type=product&#038;p=44"},"modified":"2023-05-08T16:57:08","modified_gmt":"2023-05-08T14:57:08","slug":"2x-rizinusoel","status":"publish","type":"product","link":"https:\/\/nordicoils.eu\/dk\/?product=2x-rizinusoel","title":{"rendered":"2x Ricinusolie"},"content":{"rendered":"<p>Vores duo pakke med ricinusolie indeholder to ricinusolier af h\u00f8j kvalitet, der er udvundet af de bedste ricinusfr\u00f8 gennem en koldpresningsproces for at bevare deres naturlige godhed. Ricinusolie er kendt for sin h\u00f8je koncentration af ricinolsyre, hvilket g\u00f8r den til et fremragende naturmiddel mod en r\u00e6kke problemer, herunder h\u00e5rtab, t\u00f8r hud og meget mere.<\/p>\n<p>Den f\u00f8rste flaske i vores duopakke med ricinusolie er perfekt til h\u00e5rpleje. Den kan hj\u00e6lpe med at fremme h\u00e5rv\u00e6kst, styrke h\u00e5rs\u00e6kkene og reducere sk\u00e6l og andre hovedbundsproblemer. Regelm\u00e6ssig brug af vores ricinusolie kan hj\u00e6lpe med at forbedre dit h\u00e5rs generelle sundhed, s\u00e5 det bliver mere skinnende, glattere og lettere at style.<\/p>\n<p>Den anden flaske i vores duopakke med ricinusolie er ideel til hudpleje. Den kan hj\u00e6lpe med at fugte t\u00f8r hud, bl\u00f8dg\u00f8re fine linjer og rynker og lindre irritation og bet\u00e6ndelse. Vores ricinusolie er rig p\u00e5 n\u00e6ringsstoffer og antioxidanter, der hj\u00e6lper med at n\u00e6re og beskytte din hud, s\u00e5 den ser sundere og f\u00f8les sundere og mere ungdommelig ud.<\/p>\n<p>Vores ricinusolie-duopakke er 100 % ren og naturlig, fri for skadelige kemikalier, tils\u00e6tningsstoffer og konserveringsmidler, hvilket g\u00f8r den sikker og sk\u00e5nsom for alle hud- og h\u00e5rtyper. Uanset om du \u00f8nsker at forbedre dit h\u00e5rs sundhed eller f\u00e5 en sund, str\u00e5lende hud, er vores Ricinusolie Duo det perfekte valg for dig.<\/p>\n<p>Hos Scandinavian Oils er vi forpligtet til at give dig den bedste kundeservice. Vi tilbyder en 30 dages pengene tilbage garanti. S\u00e5 hvis du ikke er tilfreds med dit k\u00f8b, refunderer vi dig med gl\u00e6de.<\/p>\n<p>Vores ricinusolie duo pack f\u00e5s i forskellige st\u00f8rrelser og emballager, s\u00e5 den passer til dine behov. Uanset om du er p\u00e5 udkig efter en lille pakke til personligt brug eller en stor m\u00e6ngde til kommercielle form\u00e5l, har vi det hele til dig.<\/p>\n<p>Tak fordi du valgte Nordicoils. Vi ser frem til at hj\u00e6lpe dig med at n\u00e5 dine sundheds- og sk\u00f8nhedsm\u00e5l med vores naturlige og effektive ricinusolie duo pack.<\/p>\n","protected":false},"excerpt":{"rendered":"<p>Vi pr\u00e6senterer vores Castor Oil Duo &#8211; en perfekt pakke til alle, der \u00f8nsker at nyde godt af fordelene ved ricinusolie til hud og h\u00e5r. Denne pakke indeholder to ricinusolier af h\u00f8j kvalitet, der er 100% rene og naturlige. Vores ricinusolier er koldpresset for at bevare deres naturlige godhed, s\u00e5 de er sikre og sk\u00e5nsomme for alle hud- og h\u00e5rtyper. Pr\u00f8v det i dag og se selv de n\u00e6rende og fugtgivende egenskaber ved ricinusolie.<\/p>\n","protected":false},"featured_media":124,"comment_status":"open","ping_status":"closed","template":"","meta":[],"product_cat":[17],"product_tag":[],"class_list":{"0":"post-44","1":"product","2":"type-product","3":"status-publish","4":"has-post-thumbnail","6":"product_cat-scandinavian-oils","8":"first","9":"instock","10":"sale","11":"shipping-taxable","12":"purchasable","13":"product-type-simple"},"_links":{"self":[{"href":"https:\/\/nordicoils.eu\/dk\/index.php?rest_route=\/wp\/v3\/product\/44","targetHints":{"allow":["GET"]}}],"collection":[{"href":"https:\/\/nordicoils.eu\/dk\/index.php?rest_route=\/wp\/v3\/product"}],"about":[{"href":"https:\/\/nordicoils.eu\/dk\/index.php?rest_route=\/wp\/v2\/types\/product"}],"replies":[{"embeddable":true,"href":"https:\/\/nordicoils.eu\/dk\/index.php?rest_route=%2Fwp%2Fv2%2Fcomments&post=44"}],"wp:featuredmedia":[{"embeddable":true,"href":"https:\/\/nordicoils.eu\/dk\/index.php?rest_route=\/wp\/v2\/media\/124"}],"wp:attachment":[{"href":"https:\/\/nordicoils.eu\/dk\/index.php?rest_route=%2Fwp%2Fv2%2Fmedia&parent=44"}],"wp:term":[{"taxonomy":"product_cat","embeddable":true,"href":"https:\/\/nordicoils.eu\/dk\/index.php?rest_route=%2Fwp%2Fv2%2Fproduct_cat&post=44"},{"taxonomy":"product_tag","embeddable":true,"href":"https:\/\/nordicoils.eu\/dk\/index.php?rest_route=%2Fwp%2Fv2%2Fproduct_tag&post=44"}],"curies":[{"name":"wp","href":"https:\/\/api.w.org\/{rel}","templated":true}]}}