{"id":43,"date":"2023-05-04T10:34:10","date_gmt":"2023-05-04T08:34:10","guid":{"rendered":"https:\/\/nordicoils.eu\/dk\/?post_type=product&#038;p=43"},"modified":"2023-05-08T16:57:09","modified_gmt":"2023-05-08T14:57:09","slug":"rizinusoel","status":"publish","type":"product","link":"https:\/\/nordicoils.eu\/dk\/?product=rizinusoel","title":{"rendered":"Ricinusolie"},"content":{"rendered":"<p>Vi er stolte af at kunne tilbyde 100 % ren og naturlig ricinusolie, der udvindes af de bedste ricinusfr\u00f8 gennem en koldpresningsproces for at bevare dens naturlige godhed.<\/p>\n<p>Ricinusolie har v\u00e6ret brugt i \u00e5rhundreder for sine forskellige sundheds- og sk\u00f8nhedsfordele. Den er kendt for sin h\u00f8je koncentration af ricinolsyre, hvilket g\u00f8r den til et fremragende naturmiddel mod en r\u00e6kke problemer s\u00e5som h\u00e5rtab, t\u00f8r hud, ford\u00f8jelsesproblemer og meget mere.<\/p>\n<p>Hos Scandinavian Oils tror vi p\u00e5 naturens kraft og dens evne til at levere effektive l\u00f8sninger p\u00e5 vores daglige behov. Vores ricinusolie er n\u00f8je udvalgt og fremstillet for at sikre, at du f\u00e5r et produkt af h\u00f8jeste kvalitet, der er sikkert, sk\u00e5nsomt og effektivt.<\/p>\n<p>Vores ricinusolie er rig p\u00e5 n\u00e6ringsstoffer og antioxidanter, der n\u00e6rer og beskytter din hud og dit h\u00e5r. Den kan hj\u00e6lpe med at fugte t\u00f8r hud, reducere udseendet af fine linjer og rynker og lindre irritation og bet\u00e6ndelse. Ved regelm\u00e6ssig brug kan den hj\u00e6lpe med at fremme h\u00e5rv\u00e6kst, styrke h\u00e5rs\u00e6kkene og reducere sk\u00e6l og andre hovedbundsproblemer.<\/p>\n<p>Vores ricinusolie er ogs\u00e5 et naturligt aff\u00f8ringsmiddel, der stimulerer tarmaktiviteten og kan lindre forstoppelse og andre ford\u00f8jelsesproblemer. Den kan hj\u00e6lpe med at afgifte ford\u00f8jelsessystemet og forbedre den generelle tarmsundhed.<\/p>\n<p>Hos Scandinavian Oils er vi forpligtet til at give dig den bedste kundeservice. Vi tilbyder en 30 dages pengene tilbage garanti. S\u00e5 hvis du ikke er tilfreds med dit k\u00f8b, refunderer vi gerne dine penge.<\/p>\n<p>Vores ricinusolie f\u00e5s i forskellige st\u00f8rrelser og emballager, s\u00e5 den passer til dine behov. Uanset om du er p\u00e5 udkig efter en lille flaske til personligt brug eller en stor m\u00e6ngde til kommercielle form\u00e5l, har vi det hele til dig.<\/p>\n<p>Vi tilbyder ogs\u00e5 verdensomsp\u00e6ndende forsendelse, s\u00e5 du kan nyde fordelene ved vores ricinusolie af h\u00f8j kvalitet, uanset hvor du befinder dig.<\/p>\n","protected":false},"excerpt":{"rendered":"<p>Vi pr\u00e6senterer vores f\u00f8rsteklasses ricinusolie &#8211; et naturligt og alsidigt produkt, der har st\u00e5et sin pr\u00f8ve i generationer. Vores ricinusolie er koldpresset fra de fineste ricinusfr\u00f8 og er 100% ren og naturlig. Den er rig p\u00e5 ricinolsyre, hvilket g\u00f8r den til et effektivt naturmiddel mod h\u00e5r, hud og ford\u00f8jelsesproblemer. Vores ricinusolie er fri for skadelige kemikalier, tils\u00e6tningsstoffer og konserveringsmidler, hvilket g\u00f8r den sikker og sk\u00e5nsom for alle hud- og h\u00e5rtyper. Uanset om du \u00f8nsker at fremme h\u00e5rv\u00e6kst, pleje t\u00f8r hud eller st\u00f8tte din ford\u00f8jelsessundhed, er vores ricinusolie det perfekte valg for dig. Pr\u00f8v den i dag og oplev den naturlige godhed af ricinusolie.<\/p>\n","protected":false},"featured_media":78,"comment_status":"open","ping_status":"closed","template":"","meta":[],"product_cat":[17],"product_tag":[],"class_list":{"0":"post-43","1":"product","2":"type-product","3":"status-publish","4":"has-post-thumbnail","6":"product_cat-scandinavian-oils","8":"first","9":"instock","10":"shipping-taxable","11":"purchasable","12":"product-type-simple"},"_links":{"self":[{"href":"https:\/\/nordicoils.eu\/dk\/index.php?rest_route=\/wp\/v3\/product\/43","targetHints":{"allow":["GET"]}}],"collection":[{"href":"https:\/\/nordicoils.eu\/dk\/index.php?rest_route=\/wp\/v3\/product"}],"about":[{"href":"https:\/\/nordicoils.eu\/dk\/index.php?rest_route=\/wp\/v2\/types\/product"}],"replies":[{"embeddable":true,"href":"https:\/\/nordicoils.eu\/dk\/index.php?rest_route=%2Fwp%2Fv2%2Fcomments&post=43"}],"wp:featuredmedia":[{"embeddable":true,"href":"https:\/\/nordicoils.eu\/dk\/index.php?rest_route=\/wp\/v2\/media\/78"}],"wp:attachment":[{"href":"https:\/\/nordicoils.eu\/dk\/index.php?rest_route=%2Fwp%2Fv2%2Fmedia&parent=43"}],"wp:term":[{"taxonomy":"product_cat","embeddable":true,"href":"https:\/\/nordicoils.eu\/dk\/index.php?rest_route=%2Fwp%2Fv2%2Fproduct_cat&post=43"},{"taxonomy":"product_tag","embeddable":true,"href":"https:\/\/nordicoils.eu\/dk\/index.php?rest_route=%2Fwp%2Fv2%2Fproduct_tag&post=43"}],"curies":[{"name":"wp","href":"https:\/\/api.w.org\/{rel}","templated":true}]}}