{"id":3,"date":"2023-05-04T09:35:47","date_gmt":"2023-05-04T07:35:47","guid":{"rendered":"https:\/\/nordicoils.eu\/dk\/?page_id=3"},"modified":"2023-05-05T13:31:45","modified_gmt":"2023-05-05T11:31:45","slug":"privatlivspolitik","status":"publish","type":"page","link":"https:\/\/nordicoils.eu\/dk\/?page_id=3","title":{"rendered":"Privatlivspolitik"},"content":{"rendered":"\n<p>Fortrolighedspolitik for Nordicoils Website<\/p>\n<p>Hos Nordicoils er vores brugeres privatliv af st\u00f8rste vigtighed. Denne fortrolighedspolitik beskriver, hvordan vi indsamler, bruger, videregiver og opbevarer dine personlige oplysninger, n\u00e5r du bes\u00f8ger vores websted scandinavian-oils.co.uk, og n\u00e5r du kontakter os via e-mail p\u00e5 support@nordicoils.eu.<\/p>\n<p>Hvilke personlige oplysninger vi indsamler N\u00e5r du bes\u00f8ger vores websted, indsamler vi automatisk visse oplysninger om din enhed, herunder din IP-adresse, browsertype og operativsystem. Vi kan ogs\u00e5 indsamle oplysninger om din browsingadf\u00e6rd, f.eks. bes\u00f8gte sider og den tid, du bruger p\u00e5 vores websted. Hvis du kontakter os via e-mail, kan vi indsamle dit navn, din e-mailadresse og andre personlige oplysninger, som du giver os.<\/p>\n<p>Hvordan vi bruger dine personlige oplysninger Vi bruger dine personlige oplysninger til at give dig en bedre brugeroplevelse p\u00e5 vores websted og til at besvare dine anmodninger og foresp\u00f8rgsler. Vi kan ogs\u00e5 bruge dine oplysninger til at personligg\u00f8re din oplevelse p\u00e5 vores websted, til at sende dig reklamemails og nyhedsbreve og til at forbedre vores tjenester.<\/p>\n<p>Videregivelse af dine personlige oplysninger Vi kan videregive dine personlige oplysninger til tredjepartstjenesteudbydere, som hj\u00e6lper os med at drive vores websted, f.eks. udbydere af webhosting og e-mail-tjenester. Vi kan ogs\u00e5 videregive dine personlige oplysninger, hvis loven kr\u00e6ver det, eller hvis vi i god tro mener, at en s\u00e5dan videregivelse er n\u00f8dvendig for at beskytte vores rettigheder eller overholde en retssag.<\/p>\n<p>Opbevaring og sikkerhed af dine personlige oplysninger Vi opbevarer dine personlige oplysninger p\u00e5 sikre servere og tr\u00e6ffer rimelige foranstaltninger for at beskytte dem mod uautoriseret adgang, brug eller videregivelse. Ingen transmissionsmetode over internettet eller elektronisk lagring er dog fuldst\u00e6ndig sikker, s\u00e5 vi kan ikke garantere absolut sikkerhed.<\/p>\n<p>Dine rettigheder Du har ret til at anmode om adgang til dine personlige oplysninger, som vi opbevarer, og til at anmode om at f\u00e5 dem rettet eller slettet. Du har ogs\u00e5 ret til at g\u00f8re indsigelse mod behandlingen af dine personoplysninger, til at anmode om begr\u00e6nsning af behandlingen af dine personoplysninger og til at anmode om, at dine personoplysninger overf\u00f8res til en anden part. Du kan ud\u00f8ve disse rettigheder ved at kontakte os p\u00e5 support@nordicoils.eu.<\/p>\n<p>\u00c6ndringer af denne privatlivspolitik Vi forbeholder os retten til at \u00e6ndre denne privatlivspolitik til enhver tid. Eventuelle \u00e6ndringer vil blive offentliggjort p\u00e5 vores websted, og vi opfordrer dig til at gennemg\u00e5 denne fortrolighedspolitik regelm\u00e6ssigt.<\/p>\n<p>Kontakt os Hvis du har sp\u00f8rgsm\u00e5l eller bekymringer om denne privatlivspolitik eller om, hvordan vi indsamler, bruger, videregiver eller opbevarer dine personlige oplysninger, bedes du kontakte os p\u00e5 support@nordicoils.eu.<\/p>\n\n","protected":false},"excerpt":{"rendered":"","protected":false},"author":1,"featured_media":0,"parent":0,"menu_order":0,"comment_status":"closed","ping_status":"closed","template":"","meta":{"footnotes":""},"class_list":["post-3","page","type-page","status-publish","hentry"],"_links":{"self":[{"href":"https:\/\/nordicoils.eu\/dk\/index.php?rest_route=\/wp\/v2\/pages\/3","targetHints":{"allow":["GET"]}}],"collection":[{"href":"https:\/\/nordicoils.eu\/dk\/index.php?rest_route=\/wp\/v2\/pages"}],"about":[{"href":"https:\/\/nordicoils.eu\/dk\/index.php?rest_route=\/wp\/v2\/types\/page"}],"author":[{"embeddable":true,"href":"https:\/\/nordicoils.eu\/dk\/index.php?rest_route=\/wp\/v2\/users\/1"}],"replies":[{"embeddable":true,"href":"https:\/\/nordicoils.eu\/dk\/index.php?rest_route=%2Fwp%2Fv2%2Fcomments&post=3"}],"version-history":[{"count":4,"href":"https:\/\/nordicoils.eu\/dk\/index.php?rest_route=\/wp\/v2\/pages\/3\/revisions"}],"predecessor-version":[{"id":169,"href":"https:\/\/nordicoils.eu\/dk\/index.php?rest_route=\/wp\/v2\/pages\/3\/revisions\/169"}],"wp:attachment":[{"href":"https:\/\/nordicoils.eu\/dk\/index.php?rest_route=%2Fwp%2Fv2%2Fmedia&parent=3"}],"curies":[{"name":"wp","href":"https:\/\/api.w.org\/{rel}","templated":true}]}}