{"id":174,"date":"2023-05-08T11:14:02","date_gmt":"2023-05-08T09:14:02","guid":{"rendered":"https:\/\/nordicoils.eu\/dk\/?page_id=174"},"modified":"2023-05-08T11:27:25","modified_gmt":"2023-05-08T09:27:25","slug":"handelsbetingelser","status":"publish","type":"page","link":"https:\/\/nordicoils.eu\/dk\/?page_id=174","title":{"rendered":"Handelsbetingelser"},"content":{"rendered":"\n<div>Vilk\u00e5r og betingelser<\/div>\n<div>\u00a0<\/div>\n<div>Introduktion<\/div>\n<div>Disse vilk\u00e5r og betingelser g\u00e6lder for brugen af hjemmesiden Nordicoils.eu\/dk og k\u00f8b af produkter fra hjemmesiden. Ved at bruge hjemmesiden accepterer du disse vilk\u00e5r og betingelser. Hvis du ikke er enig i disse vilk\u00e5r og betingelser, b\u00f8r du ikke bruge hjemmesiden.<\/div>\n<div>\u00a0<\/div>\n<div>Oplysninger om virksomheden<\/div>\n<div>Webstedet Nordicoils.eu\/dk ejes og drives af Nordic Oils B.V., med registreret adresse p\u00e5 Bavyera Street, 186\/2 i Amsterdam 1097CV, Niederlande. Virksomhedens e-mailadresse er info@nordicoils.eu og telefonnummeret er +49 0151 25027861.<\/div>\n<div>\u00a0<\/div>\n<div>Produktoplysninger<\/div>\n<div>Nordicoils.eu\/dk s\u00e6lger ricinusolieprodukter. De produktoplysninger, der vises p\u00e5 hjemmesiden, er baseret p\u00e5 oplysninger fra leverand\u00f8rerne af produkterne. Nordic Oils B.V. kan ikke holdes ansvarlig for eventuelle fejl eller udeladelser i de givne oplysninger.<\/div>\n<div>\u00a0<\/div>\n<div>Bestilling og betaling<\/div>\n<div>N\u00e5r du afgiver en bestilling p\u00e5 Nordicoils.eu\/dk, tilbyder du at k\u00f8be produkterne til de priser, der er angivet p\u00e5 hjemmesiden. Alle priser er i danske kroner (DKK) og er inklusive moms. Betalingen kan foretages med et gyldigt kreditkort eller via andre betalingsmuligheder, der er tilg\u00e6ngelige p\u00e5 hjemmesiden.<\/div>\n<div>\u00a0<\/div>\n<div>Levering<\/div>\n<div>Nordicoils.eu\/dk leverer produkter til kunder i Danmark. Leveringstiden kan variere afh\u00e6ngigt af destinationen og den leveringsmulighed, der er valgt under bestillingsprocessen. Kunderne er ansvarlige for at sikre, at den korrekte leveringsadresse er angivet p\u00e5 bestillingstidspunktet. N\u00e5r en ordre er blevet afsendt, modtager kunden en bekr\u00e6ftelsesmail med sporingsoplysninger.<\/div>\n<div>\u00a0<\/div>\n<div>Intellektuel ejendomsret<\/div>\n<div>Alt indhold p\u00e5 Nordicoils.eu\/dk-webstedet, herunder tekst, grafik, logoer, billeder og software, tilh\u00f8rer Nordic Oils B.V. eller dets leverand\u00f8rer og er beskyttet af internationale love om ophavsret. Indholdet p\u00e5 hjemmesiden m\u00e5 ikke anvendes eller reproduceres uden udtrykkeligt skriftligt samtykke fra Nordic Oils B.V.<\/div>\n<div>\u00a0<\/div>\n<div>\n<div>Ansvarsfraskrivelse<\/div>\n<div>Nordic Oils B.V. garanterer ikke for n\u00f8jagtigheden, fuldst\u00e6ndigheden eller egnetheden af oplysningerne og materialerne p\u00e5 hjemmesiden. Brugen af hjemmesiden og de produkter, der k\u00f8bes fra hjemmesiden, sker p\u00e5 kundens eget ansvar. Nordic Oils B.V. er ikke ansvarlig for eventuelle skader, herunder indirekte skader eller f\u00f8lgeskader, der opst\u00e5r som f\u00f8lge af brugen eller manglende mulighed for at bruge hjemmesiden eller de produkter, der er k\u00f8bt fra hjemmesiden.<\/div>\n<div>\u00a0<\/div>\n<div>G\u00e6ldende lov og jurisdiktion<\/div>\n<div>Disse vilk\u00e5r og betingelser er underlagt og fortolkes i overensstemmelse med lovgivningen i Danmark. Enhver tvist, der opst\u00e5r p\u00e5 grund af eller i forbindelse med disse vilk\u00e5r og betingelser, skal v\u00e6re underlagt de danske domstoles enekompetence.<\/div>\n<\/div>\n\n","protected":false},"excerpt":{"rendered":"","protected":false},"author":1,"featured_media":0,"parent":0,"menu_order":0,"comment_status":"closed","ping_status":"closed","template":"","meta":{"footnotes":""},"class_list":["post-174","page","type-page","status-publish","hentry"],"_links":{"self":[{"href":"https:\/\/nordicoils.eu\/dk\/index.php?rest_route=\/wp\/v2\/pages\/174","targetHints":{"allow":["GET"]}}],"collection":[{"href":"https:\/\/nordicoils.eu\/dk\/index.php?rest_route=\/wp\/v2\/pages"}],"about":[{"href":"https:\/\/nordicoils.eu\/dk\/index.php?rest_route=\/wp\/v2\/types\/page"}],"author":[{"embeddable":true,"href":"https:\/\/nordicoils.eu\/dk\/index.php?rest_route=\/wp\/v2\/users\/1"}],"replies":[{"embeddable":true,"href":"https:\/\/nordicoils.eu\/dk\/index.php?rest_route=%2Fwp%2Fv2%2Fcomments&post=174"}],"version-history":[{"count":2,"href":"https:\/\/nordicoils.eu\/dk\/index.php?rest_route=\/wp\/v2\/pages\/174\/revisions"}],"predecessor-version":[{"id":176,"href":"https:\/\/nordicoils.eu\/dk\/index.php?rest_route=\/wp\/v2\/pages\/174\/revisions\/176"}],"wp:attachment":[{"href":"https:\/\/nordicoils.eu\/dk\/index.php?rest_route=%2Fwp%2Fv2%2Fmedia&parent=174"}],"curies":[{"name":"wp","href":"https:\/\/api.w.org\/{rel}","templated":true}]}}