{"id":16,"date":"2023-05-04T11:44:22","date_gmt":"2023-05-04T09:44:22","guid":{"rendered":"https:\/\/nordicoils.eu\/dk\/?page_id=16"},"modified":"2023-05-08T11:31:15","modified_gmt":"2023-05-08T09:31:15","slug":"refunderings-og-returpolitik","status":"publish","type":"page","link":"https:\/\/nordicoils.eu\/dk\/?page_id=16","title":{"rendered":"Refunderings- og returpolitik"},"content":{"rendered":"\n<div><strong>Retur- og tilbagebetalingspolitik<\/strong><\/div>\n<div>\u00a0<\/div>\n<div>Hos Nordic Oils \u00f8nsker vi, at du skal v\u00e6re helt tilfreds med dit k\u00f8b. Hvis du af en eller anden grund ikke er tilfreds med dit k\u00f8b, kan du returnere produktet inden for 30 dage efter modtagelsen og f\u00e5 det fuldt ud refunderet.<\/div>\n<div>\u00a0<\/div>\n<div>Returneringsproces:<\/div>\n<div>\u00a0<\/div>\n<div>Kontakt vores kundeservice p\u00e5 info@nordicoils.eu eller ring til os p\u00e5 +49 0151 25027861 for at indlede returprocessen.<\/div>\n<div>Vi vil give dig et RMA-nummer (Return Merchandise Authorization) og instruktioner om, hvordan du returnerer produktet.<\/div>\n<div>Pak produktet forsvarligt ind i den originale emballage, hvis det er muligt. Medtag venligst alle papirer, dele og tilbeh\u00f8r. Alle produkter skal returneres i god stand for at sikre fuld kreditering.<\/div>\n<div>Send produktet til f\u00f8lgende adresse: Bavyera Street, 186\/2 i Amsterdam 1097CV, Niederlande. S\u00f8rg for at angive RMA-nummeret p\u00e5 ydersiden af pakken.<\/div>\n<div>N\u00e5r vi modtager dit returnerede produkt, vil vi inspicere det og behandle din refusion inden for 7-10 hverdage.<\/div>\n<div>Refunderingsproces:<\/div>\n<div>\u00a0<\/div>\n<div>N\u00e5r din returnering er modtaget og inspiceret, sender vi dig en e-mail for at underrette dig om, at vi har modtaget din returnerede vare.<\/div>\n<div>Vi giver dig ogs\u00e5 besked om godkendelse eller afvisning af din refusion.<\/div>\n<div>Hvis den godkendes, vil din refusion blive behandlet, og der vil automatisk blive foretaget en kreditering p\u00e5 din oprindelige betalingsmetode inden for 7-10 hverdage.<\/div>\n<div>Kundekrav:<\/div>\n<div>\u00a0<\/div>\n<div>For at v\u00e6re berettiget til returnering skal produktet v\u00e6re i ny, ubrugt stand og i original emballage. Returfristen er 30 dage fra modtagelsesdatoen. Returneringer uden for dette vindue vil ikke blive accepteret.<\/div>\n<div>\u00a0<\/div>\n<div>Vi forbeholder os ret til at afvise en returnering eller opkr\u00e6ve et lagergebyr, hvis produktet ikke returneres i ny og ubrugt stand, eller hvis det returneres efter at returvinduet er lukket.<\/div>\n<div>\u00a0<\/div>\n<div>\u00c5rsager til returnering:<\/div>\n<div>\u00a0<\/div>\n<div>Du kan returnere et produkt af enhver grund inden for returvinduet. Hvis \u00e5rsagen til returnering imidlertid skyldes en defekt eller fejl fra vores side, d\u00e6kker vi omkostningerne til returforsendelse.<\/div>\n<div>\u00a0<\/div>\n<div>Bem\u00e6rk venligst, at denne retur- og tilbagebetalingspolitik kan \u00e6ndres til enhver tid uden forudg\u00e5ende varsel.<\/div>\n\n","protected":false},"excerpt":{"rendered":"","protected":false},"author":1,"featured_media":0,"parent":0,"menu_order":0,"comment_status":"closed","ping_status":"closed","template":"","meta":{"footnotes":""},"class_list":["post-16","page","type-page","status-publish","hentry"],"_links":{"self":[{"href":"https:\/\/nordicoils.eu\/dk\/index.php?rest_route=\/wp\/v2\/pages\/16","targetHints":{"allow":["GET"]}}],"collection":[{"href":"https:\/\/nordicoils.eu\/dk\/index.php?rest_route=\/wp\/v2\/pages"}],"about":[{"href":"https:\/\/nordicoils.eu\/dk\/index.php?rest_route=\/wp\/v2\/types\/page"}],"author":[{"embeddable":true,"href":"https:\/\/nordicoils.eu\/dk\/index.php?rest_route=\/wp\/v2\/users\/1"}],"replies":[{"embeddable":true,"href":"https:\/\/nordicoils.eu\/dk\/index.php?rest_route=%2Fwp%2Fv2%2Fcomments&post=16"}],"version-history":[{"count":5,"href":"https:\/\/nordicoils.eu\/dk\/index.php?rest_route=\/wp\/v2\/pages\/16\/revisions"}],"predecessor-version":[{"id":178,"href":"https:\/\/nordicoils.eu\/dk\/index.php?rest_route=\/wp\/v2\/pages\/16\/revisions\/178"}],"wp:attachment":[{"href":"https:\/\/nordicoils.eu\/dk\/index.php?rest_route=%2Fwp%2Fv2%2Fmedia&parent=16"}],"curies":[{"name":"wp","href":"https:\/\/api.w.org\/{rel}","templated":true}]}}