{"id":147,"date":"2023-05-05T10:12:32","date_gmt":"2023-05-05T08:12:32","guid":{"rendered":"https:\/\/nordicoils.eu\/dk\/?page_id=147"},"modified":"2023-05-08T16:45:55","modified_gmt":"2023-05-08T14:45:55","slug":"om-os","status":"publish","type":"page","link":"https:\/\/nordicoils.eu\/dk\/?page_id=147","title":{"rendered":"Om os"},"content":{"rendered":"\n<h2>Om os<\/h2>\n<p><strong>Velkommen<\/strong> til Nordicoils, den f\u00f8rende leverand\u00f8r af ricinusolieprodukter af h\u00f8j kvalitet i Europa. Vores virksomhed er dedikeret til at give vores kunder ricinusolie af h\u00f8j kvalitet, der er 100% ren, naturlig og fri for skadelige tils\u00e6tningsstoffer.<\/p>\n<p>Hos Nordicoils forst\u00e5r vi vigtigheden af at opretholde sund hud, h\u00e5r og generelt velv\u00e6re, og vores mission er at give vores kunder naturlige og effektive l\u00f8sninger til at opn\u00e5 deres sundheds- og sk\u00f8nhedsm\u00e5l. Vi tror p\u00e5 naturens kraft og str\u00e6ber efter at tilbyde produkter, der udnytter de naturlige egenskaber af ricinusolie til at give en r\u00e6kke fordele.<\/p>\n<p>Vores ricinusolieprodukter kommer fra de bedste ricinusplanter og behandles ved hj\u00e6lp af de nyeste teknikker for at sikre, at vi leverer produkter af h\u00f8jeste kvalitet til vores kunder. Vi tilbyder et bredt udvalg af ricinusolieprodukter, herunder \u00f8kologisk ricinusolie, koldpresset ricinusolie og ricinusolie til h\u00e5rv\u00e6kst, hudpleje og ford\u00f8jelseshygiejne.<\/p>\n<p>Hos Nordicoils str\u00e6ber vi efter at yde enest\u00e5ende service til vores kunder og opbygge langsigtede relationer med vores kunder. Vores team af eksperter st\u00e5r til r\u00e5dighed for at besvare alle dine sp\u00f8rgsm\u00e5l og give dig personlige anbefalinger for at hj\u00e6lpe dig med at v\u00e6lge de bedste ricinusolieprodukter til dine behov.<\/p>\n<p>Tak fordi du valgte Nordicoils som din p\u00e5lidelige kilde til kvalitetsr\u00f8dsolieprodukter. Vi ser frem til at hj\u00e6lpe dig med at n\u00e5 dine sundheds- og sk\u00f8nhedsm\u00e5l.<\/p>\n<p>Bavyera Street, 186\/2<\/p>\n<p>Amsterdam 1097CV, Niederlande<\/p>\n<p>\u00a0+49 0151 25027861<\/p>\n\n","protected":false},"excerpt":{"rendered":"","protected":false},"author":1,"featured_media":0,"parent":0,"menu_order":0,"comment_status":"closed","ping_status":"closed","template":"","meta":{"footnotes":""},"class_list":["post-147","page","type-page","status-publish","hentry"],"_links":{"self":[{"href":"https:\/\/nordicoils.eu\/dk\/index.php?rest_route=\/wp\/v2\/pages\/147","targetHints":{"allow":["GET"]}}],"collection":[{"href":"https:\/\/nordicoils.eu\/dk\/index.php?rest_route=\/wp\/v2\/pages"}],"about":[{"href":"https:\/\/nordicoils.eu\/dk\/index.php?rest_route=\/wp\/v2\/types\/page"}],"author":[{"embeddable":true,"href":"https:\/\/nordicoils.eu\/dk\/index.php?rest_route=\/wp\/v2\/users\/1"}],"replies":[{"embeddable":true,"href":"https:\/\/nordicoils.eu\/dk\/index.php?rest_route=%2Fwp%2Fv2%2Fcomments&post=147"}],"version-history":[{"count":5,"href":"https:\/\/nordicoils.eu\/dk\/index.php?rest_route=\/wp\/v2\/pages\/147\/revisions"}],"predecessor-version":[{"id":183,"href":"https:\/\/nordicoils.eu\/dk\/index.php?rest_route=\/wp\/v2\/pages\/147\/revisions\/183"}],"wp:attachment":[{"href":"https:\/\/nordicoils.eu\/dk\/index.php?rest_route=%2Fwp%2Fv2%2Fmedia&parent=147"}],"curies":[{"name":"wp","href":"https:\/\/api.w.org\/{rel}","templated":true}]}}