{"id":115,"date":"2023-05-04T12:05:38","date_gmt":"2023-05-04T10:05:38","guid":{"rendered":"https:\/\/nordicoils.eu\/dk\/?page_id=115"},"modified":"2023-05-05T13:31:25","modified_gmt":"2023-05-05T11:31:25","slug":"kontakt","status":"publish","type":"page","link":"https:\/\/nordicoils.eu\/dk\/?page_id=115","title":{"rendered":"Kontakt"},"content":{"rendered":"\n<div class=\"row\"  id=\"row-332863868\">\n\n\n\t<div id=\"col-1053536918\" class=\"col medium-6 small-12 large-6\"  >\n\t\t\t\t<div class=\"col-inner\"  >\n\t\t\t\n\t\t\t\n\n<p>Velkommen til vores kontaktside!<\/p>\n<p>Vi s\u00e6tter pris p\u00e5 din interesse i at komme i kontakt med os. Vi v\u00e6rds\u00e6tter dit input og er altid \u00e5bne over for din feedback, dine kommentarer og sp\u00f8rgsm\u00e5l. Brug venligst nedenst\u00e5ende kontaktformular til at komme i kontakt med os. Vores kundeserviceteam vender tilbage til dig s\u00e5 hurtigt som muligt.<\/p>\n<p>Alternativt kan du kontakte os direkte ved at sende en e-mail til support@nordicoils.eu. Vi svarer p\u00e5 din e-mail inden for 24 timer.<\/p>\n<p>Hos Nordicoils er vi forpligtet til at yde den bedst mulige service til vores kunder. Hvis du har sp\u00f8rgsm\u00e5l vedr\u00f8rende dit k\u00f8b, er du velkommen til at kontakte os. Vi er stolte af kvaliteten af vores produkter og \u00f8nsker at sikre, at du er helt tilfreds med dit k\u00f8b.<\/p>\n<p>Tak fordi du valgte Nordicoils. Vi ser frem til at h\u00f8re fra dig!<\/p>\n\n\t\t<\/div>\n\t\t\t\t\t<\/div>\n\n\t\n\n\t<div id=\"col-1987385058\" class=\"col medium-6 small-12 large-6\"  >\n\t\t\t\t<div class=\"col-inner\"  >\n\t\t\t\n\t\t\t\n\n\n<div class=\"wpcf7 no-js\" id=\"wpcf7-f112-o1\" lang=\"en-US\" dir=\"ltr\">\n<div class=\"screen-reader-response\"><p role=\"status\" aria-live=\"polite\" aria-atomic=\"true\"><\/p> <ul><\/ul><\/div>\n<form action=\"\/dk\/index.php?rest_route=%2Fwp%2Fv2%2Fpages%2F115#wpcf7-f112-o1\" method=\"post\" class=\"wpcf7-form init\" aria-label=\"Contact form\" novalidate=\"novalidate\" data-status=\"init\">\n<div style=\"display: none;\">\n<input type=\"hidden\" name=\"_wpcf7\" value=\"112\" \/>\n<input type=\"hidden\" name=\"_wpcf7_version\" value=\"5.7.6\" \/>\n<input type=\"hidden\" name=\"_wpcf7_locale\" value=\"en_US\" \/>\n<input type=\"hidden\" name=\"_wpcf7_unit_tag\" value=\"wpcf7-f112-o1\" \/>\n<input type=\"hidden\" name=\"_wpcf7_container_post\" value=\"0\" \/>\n<input type=\"hidden\" name=\"_wpcf7_posted_data_hash\" value=\"\" \/>\n<\/div>\n<p><label> Navn<br \/>\n<span class=\"wpcf7-form-control-wrap\" data-name=\"your-name\"><input size=\"40\" class=\"wpcf7-form-control wpcf7-text wpcf7-validates-as-required\" autocomplete=\"name\" aria-required=\"true\" aria-invalid=\"false\" value=\"\" type=\"text\" name=\"your-name\" \/><\/span> <\/label>\n<\/p>\n<p><label> Email<br \/>\n<span class=\"wpcf7-form-control-wrap\" data-name=\"your-email\"><input size=\"40\" class=\"wpcf7-form-control wpcf7-text wpcf7-email wpcf7-validates-as-required wpcf7-validates-as-email\" autocomplete=\"email\" aria-required=\"true\" aria-invalid=\"false\" value=\"\" type=\"email\" name=\"your-email\" \/><\/span> <\/label>\n<\/p>\n<p><label> Emne<br \/>\n<span class=\"wpcf7-form-control-wrap\" data-name=\"your-subject\"><input size=\"40\" class=\"wpcf7-form-control wpcf7-text wpcf7-validates-as-required\" aria-required=\"true\" aria-invalid=\"false\" value=\"\" type=\"text\" name=\"your-subject\" \/><\/span> <\/label>\n<\/p>\n<p><label> Din besked<br \/>\n<span class=\"wpcf7-form-control-wrap\" data-name=\"your-message\"><textarea cols=\"40\" rows=\"10\" class=\"wpcf7-form-control wpcf7-textarea\" aria-invalid=\"false\" name=\"your-message\"><\/textarea><\/span> <\/label>\n<\/p>\n<p><input class=\"wpcf7-form-control has-spinner wpcf7-submit\" type=\"submit\" value=\"Submit\" \/>\n<\/p><div class=\"wpcf7-response-output\" aria-hidden=\"true\"><\/div>\n<\/form>\n<\/div>\n\n\n\n\t\t<\/div>\n\t\t\t\t\t<\/div>\n\n\t\n\n<\/div>\n\n","protected":false},"excerpt":{"rendered":"","protected":false},"author":1,"featured_media":0,"parent":0,"menu_order":0,"comment_status":"closed","ping_status":"closed","template":"","meta":{"footnotes":""},"class_list":["post-115","page","type-page","status-publish","hentry"],"_links":{"self":[{"href":"https:\/\/nordicoils.eu\/dk\/index.php?rest_route=\/wp\/v2\/pages\/115","targetHints":{"allow":["GET"]}}],"collection":[{"href":"https:\/\/nordicoils.eu\/dk\/index.php?rest_route=\/wp\/v2\/pages"}],"about":[{"href":"https:\/\/nordicoils.eu\/dk\/index.php?rest_route=\/wp\/v2\/types\/page"}],"author":[{"embeddable":true,"href":"https:\/\/nordicoils.eu\/dk\/index.php?rest_route=\/wp\/v2\/users\/1"}],"replies":[{"embeddable":true,"href":"https:\/\/nordicoils.eu\/dk\/index.php?rest_route=%2Fwp%2Fv2%2Fcomments&post=115"}],"version-history":[{"count":5,"href":"https:\/\/nordicoils.eu\/dk\/index.php?rest_route=\/wp\/v2\/pages\/115\/revisions"}],"predecessor-version":[{"id":167,"href":"https:\/\/nordicoils.eu\/dk\/index.php?rest_route=\/wp\/v2\/pages\/115\/revisions\/167"}],"wp:attachment":[{"href":"https:\/\/nordicoils.eu\/dk\/index.php?rest_route=%2Fwp%2Fv2%2Fmedia&parent=115"}],"curies":[{"name":"wp","href":"https:\/\/api.w.org\/{rel}","templated":true}]}}